{"id":7825,"date":"2025-03-27T14:42:33","date_gmt":"2025-03-27T14:42:33","guid":{"rendered":"https:\/\/grandiosa-design.com\/?page_id=7825"},"modified":"2025-04-14T22:04:57","modified_gmt":"2025-04-14T22:04:57","slug":"odredbe-i-uvjeti","status":"publish","type":"page","link":"https:\/\/grandiosa-design.com\/hr\/odredbe-i-uvjeti\/","title":{"rendered":"Odredbe i uvjeti"},"content":{"rendered":"\t\t<div data-elementor-type=\"wp-page\" data-elementor-id=\"7825\" class=\"elementor elementor-7825 elementor-7280\" data-elementor-post-type=\"page\">\n\t\t\t\t<div class=\"elementor-element elementor-element-75bc845 e-flex e-con-boxed e-con e-parent\" data-id=\"75bc845\" data-element_type=\"container\" data-e-type=\"container\" data-settings=\"{&quot;background_background&quot;:&quot;classic&quot;}\">\n\t\t\t\t\t<div class=\"e-con-inner\">\n\t\t\t\t<div class=\"elementor-element elementor-element-a4e9c78 elementor-invisible elementor-widget elementor-widget-heading\" data-id=\"a4e9c78\" data-element_type=\"widget\" data-e-type=\"widget\" data-settings=\"{&quot;_animation&quot;:&quot;fadeIn&quot;,&quot;_animation_delay&quot;:200}\" data-widget_type=\"heading.default\">\n\t\t\t\t<div class=\"elementor-widget-container\">\n\t\t\t\t\t<h1 class=\"elementor-heading-title elementor-size-default\">Odredbe i uvjeti<\/h1>\t\t\t\t<\/div>\n\t\t\t\t<\/div>\n\t\t\t\t\t<\/div>\n\t\t\t\t<\/div>\n\t\t<div class=\"elementor-element elementor-element-74dc360 e-flex e-con-boxed e-con e-parent\" data-id=\"74dc360\" data-element_type=\"container\" data-e-type=\"container\">\n\t\t\t\t\t<div class=\"e-con-inner\">\n\t\t\t\t<div class=\"elementor-element elementor-element-18e505b elementor-widget elementor-widget-text-editor\" data-id=\"18e505b\" data-element_type=\"widget\" data-e-type=\"widget\" data-widget_type=\"text-editor.default\">\n\t\t\t\t<div class=\"elementor-widget-container\">\n\t\t\t\t\t\t\t\t\t<h4>Osnovna pravila<\/h4>\nWeb stranica Grandiosa Design d.o.o., sa sjedi\u0161tem u Zagrebu, Gunduli\u0107eva ulica 8, OIB 06268307886 (u daljnjem tekstu \u201eVlasnik web stranice\u201c ili \u201eTvrtka\u201c), djeluje u skladu s uvjetima prikupljanja i kori\u0161tenja podataka koje korisnici dostavljaju putem e-maila ili obrazaca.\n\nNa\u0161a politika prikupljanja podataka uklju\u010duje samo nu\u017ene, osnovne informacije o korisnicima, sukladno zakonu. Redovito korisnicima nudimo mogu\u0107nost izbora na\u010dina kori\u0161tenja njihovih podataka, uklju\u010duju\u0107i mogu\u0107nost uklanjanja s marketin\u0161kih lista. Svi korisni\u010dki podaci strogo su za\u0161ti\u0107eni i dostupni isklju\u010divo zaposlenicima kojima su potrebni za obavljanje radnih zadataka. U nastavku poja\u0161njavamo uvjete pod kojima se koriste podaci prikupljeni putem e-maila ili obrazaca.\n\n<h4>Svrha prikupljanja podataka<\/h4>\nSvi podaci koje korisnici dostave mogu se koristiti u svrhu informiranja korisnika o ponudama Tvrtke. Korisnik pristaje na primanje periodi\u010dnih informacija o aktivnostima i ponudama. Svi korisni\u010dki podaci strogo su za\u0161ti\u0107eni i dostupni isklju\u010divo osobama kojima su potrebni za rad, u skladu s Op\u0107om uredbom o za\u0161titi podataka (GDPR). Korisnici imaju pravo odlu\u010diti o na\u010dinu kori\u0161tenja svojih podataka, uklju\u010duju\u0107i pravo na zahtjev za brisanjem podataka. Podaci korisnika ne\u0107e se dijeliti niti otkrivati tre\u0107im stranama, osim ako to ne zahtijevaju ovla\u0161tena izvr\u0161na i pravosudna tijela Republike Hrvatske u svrhu istrage temeljem valjanog sudskog naloga.\n\n<h4>Prikupljanje i kori\u0161tenje informacija<\/h4>\nKao korisnik jam\u010dite da su va\u0161i osobni\/kontakt podaci potpuni i to\u010dni. Tako\u0111er potvr\u0111ujete da ste punoljetni i pravno sposobni za kori\u0161tenje ove web stranice. Va\u0161i osobni podaci koristit \u0107e se isklju\u010divo za pru\u017eanje usluga od strane Vlasnika web stranice i za sklapanje odgovaraju\u0107eg ugovora, u skladu s Op\u0107om uredbom o za\u0161titi podataka (GDPR). Vlasnik web stranice grandiosadesign.com poduzima sve potrebne mjere za za\u0161titu privatnosti korisnika. Imajte na umu da Vlasnik web stranice ima pravo koristiti va\u0161u e-mail adresu, koju ste dali kao osobni podatak, za slanje obavijesti o aktivnostima, ponudama i drugim relevantnim informacijama.\n\nOva web stranica mo\u017ee sadr\u017eavati poveznice na druge stranice koje nisu u vlasni\u0161tvu Vlasnika web stranice. Prilikom posjete tim stranicama podlije\u017eete njihovim pravilima privatnosti i uvjetima. Vlasnik web stranice ne razvija te stranice te stoga ne mo\u017ee utjecati niti preuzeti odgovornost za njihov sadr\u017eaj.\n\nAko se ne sla\u017eete s gore navedenim ograni\u010denjima, preporu\u010dujemo da ne koristite web stranicu grandiosadesign.com.\n\n<h4>Autorska prava i prava intelektualnog vlasni\u0161tva<\/h4>\nPrava vezana uz ovu web stranicu uklju\u010duju tekst, slike, raspored, baze podataka i sve ostale (stati\u010dne, video i\/ili animirane) materijale, zvukove, formate, softver i nazive (uklju\u010duju\u0107i domenu), koji su u vlasni\u0161tvu Vlasnika web stranice i izra\u0111eni od strane istog, uz dozvolu davatelja usluge i\/ili klijenta.\n\nNije dopu\u0161teno mijenjanje, reproduciranje, distribucija ili prodaja bilo kojeg dijela web stranice ili softvera bez izri\u010ditog prethodnog pisanog pristanka Vlasnika web stranice. Korisnicima je dopu\u0161teno kori\u0161tenje sadr\u017eaja web stranice isklju\u010divo u nekomercijalne svrhe. Nije dopu\u0161teno dijeljenje kopija ovih stranica niti omogu\u0107avanje pristupa tre\u0107im stranama na bilo koji na\u010din, osim kopiranja sadr\u017eaja stranice i njegovog prikaza na osobnom ra\u010dunalu, i\/ili ispisa jedne kopije.\n\n<h4>Isklju\u010denje korisnika<\/h4>\nVlasnik web stranice zadr\u017eava pravo isklju\u010diti korisnika iz daljnjeg kori\u0161tenja ove web stranice ako se utvrdi da kr\u0161i ove uvjete kori\u0161tenja ili na bilo koji na\u010din ometa rad web stranice grandiosadesign.com. Tako\u0111er, Vlasnik zadr\u017eava pravo poduzeti odgovaraju\u0107e pravne mjere protiv takvih korisnika i zahtijevati naknadu \u0161tete. Vlasnik tako\u0111er zadr\u017eava pravo isklju\u010diti korisnika koji zloupotrebljava objavljene podatke ili na drugi na\u010din neovla\u0161teno koristi web stranicu.\n\nNavedene radnje su zakonom ka\u017enjive, a Vlasnik \u0107e poduzeti sve pravne mjere radi za\u0161tite sebe i svojih korisnika.\n\n<h4>Odgovornost<\/h4>\nVlasnik web stranice odri\u010de se, u najve\u0107oj mjeri dopu\u0161tenoj zakonom, odgovornosti za bilo kakvu izravnu ili neizravnu \u0161tetu, gubitak ili ozljedu nastalu zbog:\n\n&#8211; kori\u0161tenja web stranice;\n&#8211; kori\u0161tenja povezanih web stranica;\n&#8211; informacija na grandiosadesign.com;\n&#8211; poduzetih ili nepoduzetih radnji u vezi s informacijama na grandiosadesign.com;\n&#8211; kori\u0161tenja, nedostupnosti, nemogu\u0107nosti kori\u0161tenja ili zlouporabe grandiosadesign.com;\n&#8211; uklanjanja ili neobjavljivanja oglasa i sadr\u017eaja koji nisu u skladu s Uvjetima kori\u0161tenja grandiosadesign.com.\n\nVlasnik web stranice ne mo\u017ee biti odgovoran vama ili bilo kojoj tre\u0107oj strani za bilo kakvu izravnu ili neizravnu \u0161tetu, gubitak ili ozljedu proiza\u0161lu iz va\u0161eg pristupa i kori\u0161tenja ove web stranice ili povezanih stranica. Nadalje, Vlasnik ne preuzima odgovornost za sadr\u017eaj prikazan na stranicama tre\u0107ih strana kojima povremeno mo\u017eete pristupiti.\n\nTakav pristup ne smatra se odobravanjem tih stranica od strane Vlasnika. Korisnici pristupaju takvim stranicama na vlastitu odgovornost.\n\n<h4>Pravila o kola\u010di\u0107ima<\/h4>\nZa optimalan rad ove web stranice i pobolj\u0161anje korisni\u010dkog iskustva potrebno je pohraniti minimalnu koli\u010dinu informacija (kola\u010di\u0107a) na va\u0161e ra\u010dunalo. Vi\u0161e od 90% web stranica koristi kola\u010di\u0107e, a u skladu s EU regulativom du\u017eni smo zatra\u017eiti va\u0161 pristanak. Kori\u0161tenjem ove web stranice pristajete na upotrebu kola\u010di\u0107a. Blokiranjem kola\u010di\u0107a i dalje mo\u017eete pregledavati stranicu, ali vam neke funkcionalnosti mo\u017eda ne\u0107e biti dostupne.\n\nZa vi\u0161e informacija o onemogu\u0107avanju kola\u010di\u0107a, posjetite:\n\nAll About Cookies \u2013 http:\/\/www.allaboutcookies.org\/  \nYour Online Choices \u2013 http:\/\/www.youronlinechoices.eu\/\n\n<h4>Zavr\u0161ne odredbe<\/h4>\nVlasnik web stranice zadr\u017eava pravo izmjene, dopune i nadopune ovih uvjeta kori\u0161tenja u bilo kojem trenutku. Izmjene stupaju na snagu objavom.\n\nOvi Uvjeti kori\u0161tenja web stranice vrijede od 7. svibnja 2024.\n\nZa prigovore prema \u010dlanku 10. Zakona o za\u0161titi potro\u0161a\u010da mo\u017eete ih podnijeti pisanim putem na adresu sjedi\u0161ta tvrtke ili putem e-maila koriste\u0107i dolje navedene kontakt podatke:\n\nGrandiosa Design d.o.o.  \nAdresa: Gunduli\u0107eva ulica 8, 10 000 Zagreb  \nEmail: info@grandiosadesign.com  \nTelefon: 00385 91 2501 082\n\nTvrtka je upisana u sudski registar Trgova\u010dkog suda u Zagrebu, MBS: 081538730, OIB: 06268307886. Temeljni kapital iznosi 20.000,00 EUR i u cijelosti je upla\u0107en.\n\nZa sve zahtjeve i sporove koji proizlaze iz primjene ovih Uvjeta nadle\u017ean je sud u Zagrebu.\n\t\t\t\t\t\t\t\t<\/div>\n\t\t\t\t<\/div>\n\t\t\t\t\t<\/div>\n\t\t\t\t<\/div>\n\t\t\t\t<\/div>\n\t\t","protected":false},"excerpt":{"rendered":"<p>Osnovna pravila Web stranica Grandiosa Design d.o.o., sa sjedi\u0161tem u Zagrebu, Gunduli\u0107eva ulica 8, OIB 06268307886 (u daljnjem tekstu \u201eVlasnik web stranice\u201c ili \u201eTvrtka\u201c), djeluje u skladu s uvjetima prikupljanja i kori\u0161tenja podataka koje korisnici dostavljaju putem e-maila ili obrazaca. Na\u0161a politika prikupljanja podataka uklju\u010duje samo nu\u017ene, osnovne informacije o korisnicima, sukladno zakonu. Redovito korisnicima [&hellip;]<\/p>\n","protected":false},"author":16,"featured_media":0,"parent":0,"menu_order":0,"comment_status":"closed","ping_status":"closed","template":"elementor_header_footer","meta":{"site-sidebar-layout":"no-sidebar","site-content-layout":"page-builder","ast-site-content-layout":"full-width-container","site-content-style":"default","site-sidebar-style":"default","ast-global-header-display":"","ast-banner-title-visibility":"","ast-main-header-display":"","ast-hfb-above-header-display":"","ast-hfb-below-header-display":"","ast-hfb-mobile-header-display":"","site-post-title":"disabled","ast-breadcrumbs-content":"","ast-featured-img":"disabled","footer-sml-layout":"","ast-disable-related-posts":"","theme-transparent-header-meta":"","adv-header-id-meta":"","stick-header-meta":"","header-above-stick-meta":"","header-main-stick-meta":"","header-below-stick-meta":"","astra-migrate-meta-layouts":"set","ast-page-background-enabled":"default","ast-page-background-meta":{"desktop":{"background-color":"","background-image":"","background-repeat":"repeat","background-position":"center center","background-size":"auto","background-attachment":"scroll","background-type":"","background-media":"","overlay-type":"","overlay-color":"","overlay-opacity":"","overlay-gradient":""},"tablet":{"background-color":"","background-image":"","background-repeat":"repeat","background-position":"center center","background-size":"auto","background-attachment":"scroll","background-type":"","background-media":"","overlay-type":"","overlay-color":"","overlay-opacity":"","overlay-gradient":""},"mobile":{"background-color":"","background-image":"","background-repeat":"repeat","background-position":"center center","background-size":"auto","background-attachment":"scroll","background-type":"","background-media":"","overlay-type":"","overlay-color":"","overlay-opacity":"","overlay-gradient":""}},"ast-content-background-meta":{"desktop":{"background-color":"var(--ast-global-color-5)","background-image":"","background-repeat":"repeat","background-position":"center center","background-size":"auto","background-attachment":"scroll","background-type":"","background-media":"","overlay-type":"","overlay-color":"","overlay-opacity":"","overlay-gradient":""},"tablet":{"background-color":"var(--ast-global-color-5)","background-image":"","background-repeat":"repeat","background-position":"center center","background-size":"auto","background-attachment":"scroll","background-type":"","background-media":"","overlay-type":"","overlay-color":"","overlay-opacity":"","overlay-gradient":""},"mobile":{"background-color":"var(--ast-global-color-5)","background-image":"","background-repeat":"repeat","background-position":"center center","background-size":"auto","background-attachment":"scroll","background-type":"","background-media":"","overlay-type":"","overlay-color":"","overlay-opacity":"","overlay-gradient":""}},"footnotes":""},"class_list":["post-7825","page","type-page","status-publish","hentry"],"yoast_head":"<!-- This site is optimized with the Yoast SEO plugin v27.4 - https:\/\/yoast.com\/product\/yoast-seo-wordpress\/ -->\n<title>Odredbe i uvjeti | Grandiosa Design<\/title>\n<meta name=\"robots\" content=\"index, follow, max-snippet:-1, max-image-preview:large, max-video-preview:-1\" \/>\n<link rel=\"canonical\" href=\"https:\/\/grandiosa-design.com\/hr\/odredbe-i-uvjeti\/\" \/>\n<meta property=\"og:locale\" content=\"hr_HR\" \/>\n<meta property=\"og:type\" content=\"article\" \/>\n<meta property=\"og:title\" content=\"Odredbe i uvjeti | Grandiosa Design\" \/>\n<meta property=\"og:description\" content=\"Osnovna pravila Web stranica Grandiosa Design d.o.o., sa sjedi\u0161tem u Zagrebu, Gunduli\u0107eva ulica 8, OIB 06268307886 (u daljnjem tekstu \u201eVlasnik web stranice\u201c ili \u201eTvrtka\u201c), djeluje u skladu s uvjetima prikupljanja i kori\u0161tenja podataka koje korisnici dostavljaju putem e-maila ili obrazaca. Na\u0161a politika prikupljanja podataka uklju\u010duje samo nu\u017ene, osnovne informacije o korisnicima, sukladno zakonu. Redovito korisnicima [&hellip;]\" \/>\n<meta property=\"og:url\" content=\"https:\/\/grandiosa-design.com\/hr\/odredbe-i-uvjeti\/\" \/>\n<meta property=\"og:site_name\" content=\"Grandiosa Design\" \/>\n<meta property=\"article:publisher\" content=\"https:\/\/www.facebook.com\/grandiosa.design\" \/>\n<meta property=\"article:modified_time\" content=\"2025-04-14T22:04:57+00:00\" \/>\n<meta property=\"og:image\" content=\"https:\/\/grandiosa-design.com\/wp-content\/uploads\/2025\/11\/grandiosa-design-site-image.png\" \/>\n\t<meta property=\"og:image:width\" content=\"1200\" \/>\n\t<meta property=\"og:image:height\" content=\"675\" \/>\n\t<meta property=\"og:image:type\" content=\"image\/png\" \/>\n<meta name=\"twitter:card\" content=\"summary_large_image\" \/>\n<meta name=\"twitter:label1\" content=\"Procijenjeno vrijeme \u010ditanja\" \/>\n\t<meta name=\"twitter:data1\" content=\"5 minuta\" \/>\n<script type=\"application\/ld+json\" class=\"yoast-schema-graph\">{\"@context\":\"https:\\\/\\\/schema.org\",\"@graph\":[{\"@type\":\"WebPage\",\"@id\":\"https:\\\/\\\/grandiosa-design.com\\\/hr\\\/odredbe-i-uvjeti\\\/\",\"url\":\"https:\\\/\\\/grandiosa-design.com\\\/hr\\\/odredbe-i-uvjeti\\\/\",\"name\":\"Odredbe i uvjeti | Grandiosa Design\",\"isPartOf\":{\"@id\":\"https:\\\/\\\/grandiosa-design.com\\\/#website\"},\"datePublished\":\"2025-03-27T14:42:33+00:00\",\"dateModified\":\"2025-04-14T22:04:57+00:00\",\"breadcrumb\":{\"@id\":\"https:\\\/\\\/grandiosa-design.com\\\/hr\\\/odredbe-i-uvjeti\\\/#breadcrumb\"},\"inLanguage\":\"hr\",\"potentialAction\":[{\"@type\":\"ReadAction\",\"target\":[\"https:\\\/\\\/grandiosa-design.com\\\/hr\\\/odredbe-i-uvjeti\\\/\"]}]},{\"@type\":\"BreadcrumbList\",\"@id\":\"https:\\\/\\\/grandiosa-design.com\\\/hr\\\/odredbe-i-uvjeti\\\/#breadcrumb\",\"itemListElement\":[{\"@type\":\"ListItem\",\"position\":1,\"name\":\"Home\",\"item\":\"https:\\\/\\\/grandiosa-design.com\\\/\"},{\"@type\":\"ListItem\",\"position\":2,\"name\":\"Odredbe i uvjeti\"}]},{\"@type\":\"WebSite\",\"@id\":\"https:\\\/\\\/grandiosa-design.com\\\/#website\",\"url\":\"https:\\\/\\\/grandiosa-design.com\\\/\",\"name\":\"Grandiosa Design\",\"description\":\"Award-winning interior design studio\",\"publisher\":{\"@id\":\"https:\\\/\\\/grandiosa-design.com\\\/#organization\"},\"alternateName\":\"Grandiosa Design Studio\",\"potentialAction\":[{\"@type\":\"SearchAction\",\"target\":{\"@type\":\"EntryPoint\",\"urlTemplate\":\"https:\\\/\\\/grandiosa-design.com\\\/?s={search_term_string}\"},\"query-input\":{\"@type\":\"PropertyValueSpecification\",\"valueRequired\":true,\"valueName\":\"search_term_string\"}}],\"inLanguage\":\"hr\"},{\"@type\":\"Organization\",\"@id\":\"https:\\\/\\\/grandiosa-design.com\\\/#organization\",\"name\":\"Grandiosa Design\",\"alternateName\":\"Grandiosa Design Studio\",\"url\":\"https:\\\/\\\/grandiosa-design.com\\\/\",\"logo\":{\"@type\":\"ImageObject\",\"inLanguage\":\"hr\",\"@id\":\"https:\\\/\\\/grandiosa-design.com\\\/#\\\/schema\\\/logo\\\/image\\\/\",\"url\":\"https:\\\/\\\/grandiosa-design.com\\\/wp-content\\\/uploads\\\/2025\\\/11\\\/grandiosa-site-logo.png\",\"contentUrl\":\"https:\\\/\\\/grandiosa-design.com\\\/wp-content\\\/uploads\\\/2025\\\/11\\\/grandiosa-site-logo.png\",\"width\":696,\"height\":696,\"caption\":\"Grandiosa Design\"},\"image\":{\"@id\":\"https:\\\/\\\/grandiosa-design.com\\\/#\\\/schema\\\/logo\\\/image\\\/\"},\"sameAs\":[\"https:\\\/\\\/www.facebook.com\\\/grandiosa.design\",\"https:\\\/\\\/www.instagram.com\\\/grandiosa.design\\\/\"]}]}<\/script>\n<!-- \/ Yoast SEO plugin. -->","yoast_head_json":{"title":"Odredbe i uvjeti | Grandiosa Design","robots":{"index":"index","follow":"follow","max-snippet":"max-snippet:-1","max-image-preview":"max-image-preview:large","max-video-preview":"max-video-preview:-1"},"canonical":"https:\/\/grandiosa-design.com\/hr\/odredbe-i-uvjeti\/","og_locale":"hr_HR","og_type":"article","og_title":"Odredbe i uvjeti | Grandiosa Design","og_description":"Osnovna pravila Web stranica Grandiosa Design d.o.o., sa sjedi\u0161tem u Zagrebu, Gunduli\u0107eva ulica 8, OIB 06268307886 (u daljnjem tekstu \u201eVlasnik web stranice\u201c ili \u201eTvrtka\u201c), djeluje u skladu s uvjetima prikupljanja i kori\u0161tenja podataka koje korisnici dostavljaju putem e-maila ili obrazaca. Na\u0161a politika prikupljanja podataka uklju\u010duje samo nu\u017ene, osnovne informacije o korisnicima, sukladno zakonu. Redovito korisnicima [&hellip;]","og_url":"https:\/\/grandiosa-design.com\/hr\/odredbe-i-uvjeti\/","og_site_name":"Grandiosa Design","article_publisher":"https:\/\/www.facebook.com\/grandiosa.design","article_modified_time":"2025-04-14T22:04:57+00:00","og_image":[{"width":1200,"height":675,"url":"https:\/\/grandiosa-design.com\/wp-content\/uploads\/2025\/11\/grandiosa-design-site-image.png","type":"image\/png"}],"twitter_card":"summary_large_image","twitter_misc":{"Procijenjeno vrijeme \u010ditanja":"5 minuta"},"schema":{"@context":"https:\/\/schema.org","@graph":[{"@type":"WebPage","@id":"https:\/\/grandiosa-design.com\/hr\/odredbe-i-uvjeti\/","url":"https:\/\/grandiosa-design.com\/hr\/odredbe-i-uvjeti\/","name":"Odredbe i uvjeti | Grandiosa Design","isPartOf":{"@id":"https:\/\/grandiosa-design.com\/#website"},"datePublished":"2025-03-27T14:42:33+00:00","dateModified":"2025-04-14T22:04:57+00:00","breadcrumb":{"@id":"https:\/\/grandiosa-design.com\/hr\/odredbe-i-uvjeti\/#breadcrumb"},"inLanguage":"hr","potentialAction":[{"@type":"ReadAction","target":["https:\/\/grandiosa-design.com\/hr\/odredbe-i-uvjeti\/"]}]},{"@type":"BreadcrumbList","@id":"https:\/\/grandiosa-design.com\/hr\/odredbe-i-uvjeti\/#breadcrumb","itemListElement":[{"@type":"ListItem","position":1,"name":"Home","item":"https:\/\/grandiosa-design.com\/"},{"@type":"ListItem","position":2,"name":"Odredbe i uvjeti"}]},{"@type":"WebSite","@id":"https:\/\/grandiosa-design.com\/#website","url":"https:\/\/grandiosa-design.com\/","name":"Grandiosa Design","description":"Award-winning interior design studio","publisher":{"@id":"https:\/\/grandiosa-design.com\/#organization"},"alternateName":"Grandiosa Design Studio","potentialAction":[{"@type":"SearchAction","target":{"@type":"EntryPoint","urlTemplate":"https:\/\/grandiosa-design.com\/?s={search_term_string}"},"query-input":{"@type":"PropertyValueSpecification","valueRequired":true,"valueName":"search_term_string"}}],"inLanguage":"hr"},{"@type":"Organization","@id":"https:\/\/grandiosa-design.com\/#organization","name":"Grandiosa Design","alternateName":"Grandiosa Design Studio","url":"https:\/\/grandiosa-design.com\/","logo":{"@type":"ImageObject","inLanguage":"hr","@id":"https:\/\/grandiosa-design.com\/#\/schema\/logo\/image\/","url":"https:\/\/grandiosa-design.com\/wp-content\/uploads\/2025\/11\/grandiosa-site-logo.png","contentUrl":"https:\/\/grandiosa-design.com\/wp-content\/uploads\/2025\/11\/grandiosa-site-logo.png","width":696,"height":696,"caption":"Grandiosa Design"},"image":{"@id":"https:\/\/grandiosa-design.com\/#\/schema\/logo\/image\/"},"sameAs":["https:\/\/www.facebook.com\/grandiosa.design","https:\/\/www.instagram.com\/grandiosa.design\/"]}]}},"_links":{"self":[{"href":"https:\/\/grandiosa-design.com\/hr\/wp-json\/wp\/v2\/pages\/7825","targetHints":{"allow":["GET"]}}],"collection":[{"href":"https:\/\/grandiosa-design.com\/hr\/wp-json\/wp\/v2\/pages"}],"about":[{"href":"https:\/\/grandiosa-design.com\/hr\/wp-json\/wp\/v2\/types\/page"}],"author":[{"embeddable":true,"href":"https:\/\/grandiosa-design.com\/hr\/wp-json\/wp\/v2\/users\/16"}],"replies":[{"embeddable":true,"href":"https:\/\/grandiosa-design.com\/hr\/wp-json\/wp\/v2\/comments?post=7825"}],"version-history":[{"count":7,"href":"https:\/\/grandiosa-design.com\/hr\/wp-json\/wp\/v2\/pages\/7825\/revisions"}],"predecessor-version":[{"id":7870,"href":"https:\/\/grandiosa-design.com\/hr\/wp-json\/wp\/v2\/pages\/7825\/revisions\/7870"}],"wp:attachment":[{"href":"https:\/\/grandiosa-design.com\/hr\/wp-json\/wp\/v2\/media?parent=7825"}],"curies":[{"name":"wp","href":"https:\/\/api.w.org\/{rel}","templated":true}]}}